{"id":7163,"date":"2025-07-01T09:28:56","date_gmt":"2025-07-01T07:28:56","guid":{"rendered":"https:\/\/supersiteskills.com\/forum\/"},"modified":"2026-01-19T12:08:06","modified_gmt":"2026-01-19T11:08:06","slug":"forum","status":"publish","type":"page","link":"https:\/\/supersiteskills.com\/fr\/forum\/","title":{"rendered":"Forum"},"content":{"rendered":"<section class=\"hero-section-block  bg-  hero-section-extra-hero-section-special \" style=\" \r\n            background-image: url(https:\/\/supersiteskills.com\/wp-content\/uploads\/2024\/07\/Home_Hero_BG1.png); \r\n            background-size: cover;  \r\n            background-repeat: no-repeat; \r\n            background-position: top;\r\n            overflow: hidden; \">    \r\n            <div class=\"container hero-section-container hero-section-2\">\r\n                    <div class=\"hero-section d-flex align-items-center\">\r\n                    <div class=\"hero-left-type-2\">\r\n                       <h1 class=\"hero-title text-white \">Forum<\/h1>\r\n                        <p class=\"hero-description text-gray\"><\/p>\r\n                        \r\n                    <\/div>\r\n                <\/div>\r\n            <\/div>\r\n        <\/section>\n\n<section id=\"\" class=\"text-block  wt-space-top text-block-id-69e17fbd2a97e bg-color-gray\">                \r\n                    <div class=\"container\">                        \r\n                        <div class=\"row\">                                        \r\n                        <div class=\"col\">\r\n                            <h2 class=\"textBlock-headline left \">SuperSiteSkills au s\u00e9minaire DAV sur l&rsquo;asphalte 2025  \u00e0 Willingen<\/h2>\r\n                        <\/div>                                        \r\n                    <\/div>                        \r\n                        <div class=\"row text\">\r\n                        <div class=\"col\">\r\n                            <div class=\"textBlock-text text-block-html  text-black\">\r\n                                <p class=\"wp-block-wt-text-block\">Lors du s\u00e9minaire DAV Asphalt de cette ann\u00e9e, SuperSiteSkills \u00e9tait pr\u00e9sent \u00e0 Willingen et a profit\u00e9 de l&rsquo;occasion pour rendre visite \u00e0 certains des exposants avec sa cam\u00e9ra. L&rsquo;objectif \u00e9tait de rendre visible la diversit\u00e9 et la force d&rsquo;innovation du secteur.<br \/>Dans de courtes interviews, des entreprises du secteur de l&rsquo;asphalte et de la construction routi\u00e8re se pr\u00e9sentent, pr\u00e9sentent leurs produits et donnent un aper\u00e7u passionnant de leur travail quotidien. <\/p>\n\r\n                            <\/div>\r\n                        <\/div>                                        \r\n                    <\/div>                                              \r\n                    <\/div>                                \r\n            <\/section>\n\n<section id=\"\" class=\"video-text-block wt-space-top wt-space-bottom video-text-block-id-69e17fbd2aa0e  video-text-block-layout-boxed video-text-block-select-layout-0  bg-color-gray\">\r\n                       <div class=\"video-text-bg-image-1\"><\/div>\r\n                <div class=\"container container-z-index\">\r\n                    \r\n                    <div class=\"video-text-wrapper\">\r\n                        <div class=\"row content-align\">\r\n                        \r\n                            <div class=\"col-12 col-xl-6 order-last order-lg-first\">\r\n                                <div class=\"content content-white\">\r\n                                    <div class=\"block-content-wrapper\">\r\n                                        <h2 class=\"headline headline-white\">Cargill<\/h2>\r\n                                        <div class=\"editor-content-wrapper editor-content-wrapper-white\"><p class=\"wp-block-wt-video-text-block\"><a href=\"https:\/\/www.cargill.de\/de\/home\" class=\"link-color-white\">Cargill <\/a>s&rsquo;est engag\u00e9 sur le th\u00e8me du d\u00e9veloppement durable. Magdalena Machura raconte pourquoi elle est venue avec plaisir au s\u00e9minaire DAV Asphalt et pr\u00e9sente dans une courte vid\u00e9o la large gamme de produits \u00ab\u00a0verts\u00a0\u00bb pour le secteur de l&rsquo;asphalte. Il est notamment question de solutions astucieuses qui facilitent la pose d&rsquo;asphalte \u00e0 temp\u00e9rature r\u00e9duite.  <\/p>\n<\/div>\r\n                                        <div class=\"btn-wrapper\">\r\n                                            \r\n                                        <\/div>                                        \r\n                                    <\/div>\r\n                                <\/div>\r\n                            <\/div>\r\n                            \r\n                            <div class=\"col-12 col-xl-6 d-flex align-items-center justify-content-center image-video-layout image-layout-\">\r\n                                \r\n            <video controls controlsList=\"nodownload\" preload=\"none\" class=\"ratio ratio-16x9\" poster=\"https:\/\/supersiteskills.com\/wp-content\/uploads\/2025\/06\/DAV_Asphaltseminar_Willingen_Cargill_SuperSiteSkills.jpg\">\r\n                <source src=\"\/wp-content\/uploads\/2025\/07\/2_Asphaltseminar_Willingen_Cargill_SSS_16-9.mp4\" type=\"video\/mp4\">\r\n                 Your browser does not support the video tag.\r\n            <\/video>\r\n                                           \r\n                            <\/div>\r\n                            \r\n                        <\/div>\r\n                    <\/div>                            \r\n                <\/div>\r\n                \r\n                                                  \r\n            <\/section>\n\n            \r\n            <section id=\"\" class=\"video-text-block wt-space-top wt-space-bottom  video-text-block-id-69e17fbd2aa83 video-text-block-layout-boxed video-text-block-select-layout-1  bg-color-gray\">\r\n                                 \r\n                    <div class=\"container container-z-index\">                        \r\n                        \r\n                        <div class=\"video-text-wrapper\">\r\n                            <div class=\"row\">\r\n                            \r\n                                <div class=\"col-12 col-xl-6 d-flex align-items-center justify-content-center mb-4 mb-xl-0 image-video-layout  image-layout-\">\r\n                                    \r\n            <video controls controlsList=\"nodownload\" preload=\"none\" class=\"ratio ratio-16x9\" poster=\"https:\/\/supersiteskills.com\/wp-content\/uploads\/2025\/06\/DAV_Asphaltseminar_Willingen_Volkel_SuperSiteSkills.jpg\">\r\n                <source src=\"https:\/\/supersiteskills.com\/wp-content\/uploads\/2025\/07\/6_Asphaltseminar_Willingen_Voelkel_SSS_16-9.mp4\" type=\"video\/mp4\">\r\n                 Your browser does not support the video tag.\r\n            <\/video>\r\n            \r\n                                <\/div>\r\n                                \r\n                                <div class=\"col-12 col-xl-6\">\r\n                                     <div class=\"content content-black\">\r\n                                       <div class=\"block-content-wrapper\">\r\n                                            <h2 class=\"headline headline-black\">V\u00f6lkel <\/h2>\r\n                                            <div class=\"editor-content-wrapper editor-content-wrapper-black\"><p class=\"wp-block-wt-video-text-block\">Christian R\u00f6hl explique comment l&rsquo;entreprise <a href=\"https:\/\/www.voelkel.de\/\" class=\"link-color-black\">V\u00f6lkel<\/a> s&rsquo;est d\u00e9velopp\u00e9e depuis les ann\u00e9es 80 et quels sont les produits innovants qui aident la construction routi\u00e8re \u00e0 se num\u00e9riser. Dans le V\u00f6lkel Cloud, les donn\u00e9es du chantier sont saisies en temps r\u00e9el et mises \u00e0 disposition pour un traitement ult\u00e9rieur. Vous pouvez \u00e9galement voir dans la vid\u00e9o le navigateur flexible.  <\/p>\n<\/div>\r\n                                            <div class=\"btn-wrapper\">\r\n                                                \r\n                                            <\/div>\r\n                                       <\/div>\r\n                                    <\/div>\r\n                                <\/div>\r\n                                \r\n                            <\/div>\r\n                        <\/div>                            \r\n                    <\/div>\r\n                                                  \r\n            <\/section>\n\n<section id=\"\" class=\"video-text-block wt-space-top wt-space-bottom video-text-block-id-69e17fbd2aae5  video-text-block-layout-boxed video-text-block-select-layout-0  bg-color-gray\">\r\n                       <div class=\"video-text-bg-image-1\"><\/div>\r\n                <div class=\"container container-z-index\">\r\n                    \r\n                    <div class=\"video-text-wrapper\">\r\n                        <div class=\"row content-align\">\r\n                        \r\n                            <div class=\"col-12 col-xl-6 order-last order-lg-first\">\r\n                                <div class=\"content content-white\">\r\n                                    <div class=\"block-content-wrapper\">\r\n                                        <h2 class=\"headline headline-white\">SmartSiteSolutions<\/h2>\r\n                                        <div class=\"editor-content-wrapper editor-content-wrapper-white\"><p class=\"wp-block-wt-video-text-block\"><a href=\"https:\/\/www.smartsitesolutions.de\/\" class=\"link-color-white\">SmartSiteSolutions <\/a>s&rsquo;occupe de la num\u00e9risation de la construction de routes en asphalte, de la centrale d&rsquo;enrobage au chantier, et optimise les chantiers dans toute l&rsquo;Europe \u00e0 l&rsquo;aide de logiciels et d&rsquo;applications. L&rsquo;un des points forts du stand \u00e9tait la pelleteuse t\u00e9l\u00e9command\u00e9e. <\/p>\n<\/div>\r\n                                        <div class=\"btn-wrapper\">\r\n                                            \r\n                                        <\/div>                                        \r\n                                    <\/div>\r\n                                <\/div>\r\n                            <\/div>\r\n                            \r\n                            <div class=\"col-12 col-xl-6 d-flex align-items-center justify-content-center image-video-layout image-layout-\">\r\n                                \r\n            <video controls controlsList=\"nodownload\" preload=\"none\" class=\"ratio ratio-16x9\" poster=\"https:\/\/supersiteskills.com\/wp-content\/uploads\/2025\/06\/DAV_Asphaltseminar_Willingen_SmartSiteSolutions_SuperSiteSkills.jpg\">\r\n                <source src=\"https:\/\/supersiteskills.com\/wp-content\/uploads\/2025\/07\/5_Asphaltseminar_Willingen_SmartSiteSolutions_SSS_16-9.mp4\" type=\"video\/mp4\">\r\n                 Your browser does not support the video tag.\r\n            <\/video>\r\n                                           \r\n                            <\/div>\r\n                            \r\n                        <\/div>\r\n                    <\/div>                            \r\n                <\/div>\r\n                \r\n                                                  \r\n            <\/section>\n\n            \r\n            <section id=\"\" class=\"video-text-block wt-space-top wt-space-bottom  video-text-block-id-69e17fbd2ab35 video-text-block-layout-boxed video-text-block-select-layout-1  bg-color-gray\">\r\n                                 \r\n                    <div class=\"container container-z-index\">                        \r\n                        \r\n                        <div class=\"video-text-wrapper\">\r\n                            <div class=\"row\">\r\n                            \r\n                                <div class=\"col-12 col-xl-6 d-flex align-items-center justify-content-center mb-4 mb-xl-0 image-video-layout  image-layout-\">\r\n                                    \r\n            <video controls controlsList=\"nodownload\" preload=\"none\" class=\"ratio ratio-16x9\" poster=\"https:\/\/supersiteskills.com\/wp-content\/uploads\/2025\/06\/DAV_Asphaltseminar_Willingen_Denso_SuperSiteSkills.jpg\">\r\n                <source src=\"https:\/\/supersiteskills.com\/wp-content\/uploads\/2025\/07\/3_Asphaltseminar_Willingen_DensoGroup_SSS_16-9.mp4\" type=\"video\/mp4\">\r\n                 Your browser does not support the video tag.\r\n            <\/video>\r\n            \r\n                                <\/div>\r\n                                \r\n                                <div class=\"col-12 col-xl-6\">\r\n                                     <div class=\"content content-black\">\r\n                                       <div class=\"block-content-wrapper\">\r\n                                            <h2 class=\"headline headline-black\">Denso<\/h2>\r\n                                            <div class=\"editor-content-wrapper editor-content-wrapper-black\"><p class=\"wp-block-wt-video-text-block\">Qui ne le conna\u00eet pas ? Le TOK-Band - invent\u00e9 en 1979 - est devenu synonyme dans le domaine des bandes couvre-joints bitumineuses. Jan-Caspar Jannicke raconte dans une courte interview l&rsquo;histoire plus que centenaire de l&rsquo;entreprise de Leverkusen, t\u00e9moigne de la force d&rsquo;innovation continue de l&rsquo;entreprise et donne un aper\u00e7u du portefeuille de produits du <a href=\"https:\/\/www.denso-group.com\/de\/\" class=\"link-color-black\">groupe Denso<\/a>.  <\/p>\n<\/div>\r\n                                            <div class=\"btn-wrapper\">\r\n                                                \r\n                                            <\/div>\r\n                                       <\/div>\r\n                                    <\/div>\r\n                                <\/div>\r\n                                \r\n                            <\/div>\r\n                        <\/div>                            \r\n                    <\/div>\r\n                                                  \r\n            <\/section>\n\n<section id=\"\" class=\"video-text-block wt-space-top wt-space-bottom video-text-block-id-69e17fbd2ab94  video-text-block-layout-boxed video-text-block-select-layout-0  bg-color-gray\">\r\n                       <div class=\"video-text-bg-image-1\"><\/div>\r\n                <div class=\"container container-z-index\">\r\n                    \r\n                    <div class=\"video-text-wrapper\">\r\n                        <div class=\"row content-align\">\r\n                        \r\n                            <div class=\"col-12 col-xl-6 order-last order-lg-first\">\r\n                                <div class=\"content content-white\">\r\n                                    <div class=\"block-content-wrapper\">\r\n                                        <h2 class=\"headline headline-white\">Ecopals<\/h2>\r\n                                        <div class=\"editor-content-wrapper editor-content-wrapper-white\"><p class=\"wp-block-wt-video-text-block\">La jeune \u00e9quipe d&rsquo;<a href=\"https:\/\/www.ecopals.de\/\" class=\"link-color-white\">Ecopals <\/a>de Berlin a imm\u00e9diatement accept\u00e9 de nous accorder une interview. Dans cette vid\u00e9o, ils expliquent de mani\u00e8re concise comment les produits Ecoflakes permettent de modifier facilement le bitume dans la centrale d&rsquo;enrobage et d&rsquo;am\u00e9liorer ainsi ses performances. Et ce, avec des plastiques recycl\u00e9s.  <\/p>\n<\/div>\r\n                                        <div class=\"btn-wrapper\">\r\n                                            \r\n                                        <\/div>                                        \r\n                                    <\/div>\r\n                                <\/div>\r\n                            <\/div>\r\n                            \r\n                            <div class=\"col-12 col-xl-6 d-flex align-items-center justify-content-center image-video-layout image-layout-\">\r\n                                \r\n            <video controls controlsList=\"nodownload\" preload=\"none\" class=\"ratio ratio-16x9\" poster=\"https:\/\/supersiteskills.com\/wp-content\/uploads\/2025\/07\/4_Asphaltseminar_Willingen_Ecopals_thumbnail.jpg\">\r\n                <source src=\"https:\/\/supersiteskills.com\/wp-content\/uploads\/2025\/07\/4_Asphaltseminar_Willingen_Ecopals_SSS_16-9.mp4\" type=\"video\/mp4\">\r\n                 Your browser does not support the video tag.\r\n            <\/video>\r\n                                           \r\n                            <\/div>\r\n                            \r\n                        <\/div>\r\n                    <\/div>                            \r\n                <\/div>\r\n                \r\n                                                  \r\n            <\/section>\n\n            \r\n            <section id=\"\" class=\"video-text-block wt-space-top wt-space-bottom  video-text-block-id-69e17fbd2abed video-text-block-layout-boxed video-text-block-select-layout-1  bg-color-gray\">\r\n                                 \r\n                    <div class=\"container container-z-index\">                        \r\n                        \r\n                        <div class=\"video-text-wrapper\">\r\n                            <div class=\"row\">\r\n                            \r\n                                <div class=\"col-12 col-xl-6 d-flex align-items-center justify-content-center mb-4 mb-xl-0 image-video-layout  image-layout-\">\r\n                                    \r\n            <video controls controlsList=\"nodownload\" preload=\"none\" class=\"ratio ratio-16x9\" poster=\"https:\/\/supersiteskills.com\/wp-content\/uploads\/2025\/06\/DAV_Asphaltseminar_Willingen_Zeilfelder_Pumpen_SuperSiteSkills.jpg\">\r\n                <source src=\"https:\/\/supersiteskills.com\/wp-content\/uploads\/2025\/07\/1_Asphaltseminar_Willingen_ZeilfelderPumpen-SSS_16-9.mp4\" type=\"video\/mp4\">\r\n                 Your browser does not support the video tag.\r\n            <\/video>\r\n            \r\n                                <\/div>\r\n                                \r\n                                <div class=\"col-12 col-xl-6\">\r\n                                     <div class=\"content content-black\">\r\n                                       <div class=\"block-content-wrapper\">\r\n                                            <h2 class=\"headline headline-black\">Zeilfelder Pumpen<\/h2>\r\n                                            <div class=\"editor-content-wrapper editor-content-wrapper-black\"><p class=\"wp-block-wt-video-text-block\">Sur son stand, l&rsquo;entreprise <a href=\"https:\/\/www.zeilfelder-pumpen.com\/\" class=\"link-color-black\">Zeilfelder Pumpen<\/a> explique de mani\u00e8re tr\u00e8s pratique et claire le th\u00e8me du dosage des additifs \u00e0 l&rsquo;aide d&rsquo;une pompe \u00e0 gin. Le d\u00e9licieux gin tonic a \u00e9t\u00e9 tr\u00e8s appr\u00e9ci\u00e9 par les visiteurs du s\u00e9minaire DAV Asphalt 2025 \u00e0 Willingen. <\/p>\n<\/div>\r\n                                            <div class=\"btn-wrapper\">\r\n                                                \r\n                                            <\/div>\r\n                                       <\/div>\r\n                                    <\/div>\r\n                                <\/div>\r\n                                \r\n                            <\/div>\r\n                        <\/div>                            \r\n                    <\/div>\r\n                                                  \r\n            <\/section>\n\n\n<div style=\"height:60px\" aria-hidden=\"true\" class=\"wp-block-spacer\"><\/div>\n","protected":false},"excerpt":{"rendered":"","protected":false},"author":1,"featured_media":0,"parent":0,"menu_order":0,"comment_status":"closed","ping_status":"closed","template":"","meta":{"footnotes":""},"class_list":["post-7163","page","type-page","status-publish","hentry"],"yoast_head":"<!-- This site is optimized with the Yoast SEO plugin v26.9 - https:\/\/yoast.com\/product\/yoast-seo-wordpress\/ -->\n<title>Forum - SuperSiteSkills<\/title>\n<meta name=\"description\" content=\"D\u00e9couvrez diff\u00e9rentes entreprises du secteur de l&#039;asphalte et de la construction routi\u00e8re et leurs domaines d&#039;activit\u00e9.\" \/>\n<meta name=\"robots\" content=\"index, follow, max-snippet:-1, max-image-preview:large, max-video-preview:-1\" \/>\n<link rel=\"canonical\" href=\"https:\/\/supersiteskills.com\/fr\/forum\/\" \/>\n<meta property=\"og:locale\" content=\"fr_FR\" \/>\n<meta property=\"og:type\" content=\"article\" \/>\n<meta property=\"og:title\" content=\"Forum - SuperSiteSkills\" \/>\n<meta property=\"og:description\" content=\"D\u00e9couvrez diff\u00e9rentes entreprises du secteur de l&#039;asphalte et de la construction routi\u00e8re et leurs domaines d&#039;activit\u00e9.\" \/>\n<meta property=\"og:url\" content=\"https:\/\/supersiteskills.com\/fr\/forum\/\" \/>\n<meta property=\"og:site_name\" content=\"SuperSiteSkills\" \/>\n<meta property=\"article:modified_time\" content=\"2026-01-19T11:08:06+00:00\" \/>\n<meta name=\"twitter:card\" content=\"summary_large_image\" \/>\n<script type=\"application\/ld+json\" class=\"yoast-schema-graph\">{\"@context\":\"https:\/\/schema.org\",\"@graph\":[{\"@type\":\"WebPage\",\"@id\":\"https:\/\/supersiteskills.com\/fr\/forum\/\",\"url\":\"https:\/\/supersiteskills.com\/fr\/forum\/\",\"name\":\"Forum - SuperSiteSkills\",\"isPartOf\":{\"@id\":\"https:\/\/supersiteskills.com\/#website\"},\"datePublished\":\"2025-07-01T07:28:56+00:00\",\"dateModified\":\"2026-01-19T11:08:06+00:00\",\"description\":\"D\u00e9couvrez diff\u00e9rentes entreprises du secteur de l'asphalte et de la construction routi\u00e8re et leurs domaines d'activit\u00e9.\",\"breadcrumb\":{\"@id\":\"https:\/\/supersiteskills.com\/fr\/forum\/#breadcrumb\"},\"inLanguage\":\"fr-FR\",\"potentialAction\":[{\"@type\":\"ReadAction\",\"target\":[\"https:\/\/supersiteskills.com\/fr\/forum\/\"]}]},{\"@type\":\"BreadcrumbList\",\"@id\":\"https:\/\/supersiteskills.com\/fr\/forum\/#breadcrumb\",\"itemListElement\":[{\"@type\":\"ListItem\",\"position\":1,\"name\":\"Startseite\",\"item\":\"https:\/\/supersiteskills.com\/fr\/\"},{\"@type\":\"ListItem\",\"position\":2,\"name\":\"Forum\"}]},{\"@type\":\"WebSite\",\"@id\":\"https:\/\/supersiteskills.com\/#website\",\"url\":\"https:\/\/supersiteskills.com\/\",\"name\":\"SuperSiteSkills\",\"description\":\"\",\"potentialAction\":[{\"@type\":\"SearchAction\",\"target\":{\"@type\":\"EntryPoint\",\"urlTemplate\":\"https:\/\/supersiteskills.com\/?s={search_term_string}\"},\"query-input\":{\"@type\":\"PropertyValueSpecification\",\"valueRequired\":true,\"valueName\":\"search_term_string\"}}],\"inLanguage\":\"fr-FR\"}]}<\/script>\n<!-- \/ Yoast SEO plugin. -->","yoast_head_json":{"title":"Forum - SuperSiteSkills","description":"D\u00e9couvrez diff\u00e9rentes entreprises du secteur de l'asphalte et de la construction routi\u00e8re et leurs domaines d'activit\u00e9.","robots":{"index":"index","follow":"follow","max-snippet":"max-snippet:-1","max-image-preview":"max-image-preview:large","max-video-preview":"max-video-preview:-1"},"canonical":"https:\/\/supersiteskills.com\/fr\/forum\/","og_locale":"fr_FR","og_type":"article","og_title":"Forum - SuperSiteSkills","og_description":"D\u00e9couvrez diff\u00e9rentes entreprises du secteur de l'asphalte et de la construction routi\u00e8re et leurs domaines d'activit\u00e9.","og_url":"https:\/\/supersiteskills.com\/fr\/forum\/","og_site_name":"SuperSiteSkills","article_modified_time":"2026-01-19T11:08:06+00:00","twitter_card":"summary_large_image","schema":{"@context":"https:\/\/schema.org","@graph":[{"@type":"WebPage","@id":"https:\/\/supersiteskills.com\/fr\/forum\/","url":"https:\/\/supersiteskills.com\/fr\/forum\/","name":"Forum - SuperSiteSkills","isPartOf":{"@id":"https:\/\/supersiteskills.com\/#website"},"datePublished":"2025-07-01T07:28:56+00:00","dateModified":"2026-01-19T11:08:06+00:00","description":"D\u00e9couvrez diff\u00e9rentes entreprises du secteur de l'asphalte et de la construction routi\u00e8re et leurs domaines d'activit\u00e9.","breadcrumb":{"@id":"https:\/\/supersiteskills.com\/fr\/forum\/#breadcrumb"},"inLanguage":"fr-FR","potentialAction":[{"@type":"ReadAction","target":["https:\/\/supersiteskills.com\/fr\/forum\/"]}]},{"@type":"BreadcrumbList","@id":"https:\/\/supersiteskills.com\/fr\/forum\/#breadcrumb","itemListElement":[{"@type":"ListItem","position":1,"name":"Startseite","item":"https:\/\/supersiteskills.com\/fr\/"},{"@type":"ListItem","position":2,"name":"Forum"}]},{"@type":"WebSite","@id":"https:\/\/supersiteskills.com\/#website","url":"https:\/\/supersiteskills.com\/","name":"SuperSiteSkills","description":"","potentialAction":[{"@type":"SearchAction","target":{"@type":"EntryPoint","urlTemplate":"https:\/\/supersiteskills.com\/?s={search_term_string}"},"query-input":{"@type":"PropertyValueSpecification","valueRequired":true,"valueName":"search_term_string"}}],"inLanguage":"fr-FR"}]}},"_links":{"self":[{"href":"https:\/\/supersiteskills.com\/fr\/wp-json\/wp\/v2\/pages\/7163","targetHints":{"allow":["GET"]}}],"collection":[{"href":"https:\/\/supersiteskills.com\/fr\/wp-json\/wp\/v2\/pages"}],"about":[{"href":"https:\/\/supersiteskills.com\/fr\/wp-json\/wp\/v2\/types\/page"}],"author":[{"embeddable":true,"href":"https:\/\/supersiteskills.com\/fr\/wp-json\/wp\/v2\/users\/1"}],"replies":[{"embeddable":true,"href":"https:\/\/supersiteskills.com\/fr\/wp-json\/wp\/v2\/comments?post=7163"}],"version-history":[{"count":2,"href":"https:\/\/supersiteskills.com\/fr\/wp-json\/wp\/v2\/pages\/7163\/revisions"}],"predecessor-version":[{"id":7186,"href":"https:\/\/supersiteskills.com\/fr\/wp-json\/wp\/v2\/pages\/7163\/revisions\/7186"}],"wp:attachment":[{"href":"https:\/\/supersiteskills.com\/fr\/wp-json\/wp\/v2\/media?parent=7163"}],"curies":[{"name":"wp","href":"https:\/\/api.w.org\/{rel}","templated":true}]}}