{"id":7200,"date":"2025-08-14T15:48:12","date_gmt":"2025-08-14T13:48:12","guid":{"rendered":"https:\/\/supersiteskills.com\/formations\/"},"modified":"2026-01-19T13:29:38","modified_gmt":"2026-01-19T12:29:38","slug":"formations","status":"publish","type":"page","link":"https:\/\/supersiteskills.com\/fr\/formations\/","title":{"rendered":"Formations"},"content":{"rendered":"<section class=\"hero-section-block  bg-dark-blue  hero-section-extra- hero-bg-status-1\" style=\" \r\n            background-image: url(); \r\n            background-size: cover;  \r\n            background-repeat: no-repeat; \r\n            background-position: center;\r\n            overflow: hidden; \">    \r\n            <div class=\"container hero-section-container hero-section-1\">\r\n                    <div class=\"hero-section d-flex flex-column flex-sm-row align-items-center justify-content-evenly\">\r\n                    <div class=\"hero-left\">\r\n                       <h1 class=\"hero-title text-white \">Unsere Schulungen im \u00dcberblick<\/h1>\r\n                        <p class=\"hero-description me-3 text-\">Werden Sie bequem von zu Hause aus zum Experten im Asphaltbau! In unserer On-Demand-Online-Schulung lernen Sie die theoretischen Grundlagen und praktischen Anwendungen der Asphalttechnologie, wann und wo sie wollen. <\/p>\r\n                        \r\n                    <\/div>\r\n                    <div class=\"hero-right\">\r\n                        <img decoding=\"async\" class=\"hero-image\" src=\"https:\/\/supersiteskills.com\/wp-content\/uploads\/2024\/07\/AdobeStock_205922758-min-scaled.jpeg\" \/>\r\n                    <\/div>\r\n                <\/div>\r\n            <\/div>\r\n        <\/section><section class=\"teaser-block wt-space-top wt-space-bottom teaser-background-gray flex-row-design\" id=\"teaser_69e17f78bed53\">\r\n                <div class=\"container\">\r\n                    <div class=\"row\">\r\n                        <h2 class=\"headline mb-4 text-black\">Schulungen im Asphaltbau<\/h2>\r\n                        <div class=\"teaser-container d-flex flex-column flex-lg-row justify-content-center\">\r\n                            \r\n                <div class=\"teaser-item me-md-3 mb-3 flex-row-block d-flex flex-column justify-content-between  \">\r\n                        <img decoding=\"async\" src=\"https:\/\/supersiteskills.com\/wp-content\/uploads\/2025\/06\/Schulung-Asphaltbau-1-Kapitelbild-7-SSS.jpg\" alt=\"Grundlagen im Asphaltbau\" \/>\r\n                        <div class=\"container d-flex flex-column justify-content-between h-100 p-2\">\r\n                        <div class=\"teaser-headline-div\">\r\n                        <h3 class=\"teaser-headline m-0\">Grundlagen im Asphaltbau<\/h3>\r\n                        <span class=\"teaser-sub-headline\"><\/span>\r\n                        <\/div>\r\n                         <div class=\"teaser-description\" style=\" display:block; \"><p>Werden Sie bequem von zu Hause aus zum Experten im Asphaltbau!<\/p><\/div>\r\n                        <div class=\"btn-wrapper m-4\">\r\n                 <p class=\"price-block d-flex gap-2\">\r\n                 \r\n                         <span class=\"price-input-style\">Nur 299 &euro;<\/span>\r\n                <span class=\"vat-note\">(zzgl. 19 % MwSt.)<\/span>\r\n                 <\/p>\r\n                 <a href=\"\/asphaltbau-grundlagen-online-schulung\/\" target=\"_self\" class=\"button-1 btn-outline-full-gold\">Zum Schulungskauf <\/a>\r\n                <\/div>\r\n                    <\/div> \r\n                <\/div>\r\n                <div class=\"teaser-item me-md-3 mb-3 flex-row-block d-flex flex-column justify-content-between  \">\r\n                        <img decoding=\"async\" src=\"https:\/\/supersiteskills.com\/wp-content\/uploads\/2025\/06\/S2-Kapitelbild-4.1.jpeg\" alt=\"Asphaltbau Vertiefung\" \/>\r\n                        <div class=\"container d-flex flex-column justify-content-between h-100 p-2\">\r\n                        <div class=\"teaser-headline-div\">\r\n                        <h3 class=\"teaser-headline m-0\">Asphaltbau Vertiefung<\/h3>\r\n                        <span class=\"teaser-sub-headline\"><\/span>\r\n                        <\/div>\r\n                         <div class=\"teaser-description\" style=\" display:block; \"><p>In dieser Schulung erhalten Sie vertiefende Einblicke in Asphaltsorten nach aktuellem Regelwerk.<\/p><\/div>\r\n                        <div class=\"btn-wrapper m-4\">\r\n                 <p class=\"price-block d-flex gap-2\">\r\n                 \r\n                         <span class=\"price-input-style\">Nur 299 &euro;<\/span>\r\n                <span class=\"vat-note\">(zzgl. 19 % MwSt.)<\/span>\r\n                 <\/p>\r\n                 <a href=\"\/asphaltbau-vertiefung-online-schulung\/\" target=\"_self\" class=\"button-1 btn-outline-full-gold\">Zum Schulungskauf<\/a>\r\n                <\/div>\r\n                    <\/div> \r\n                <\/div>\r\n                <div class=\"teaser-item me-md-3 mb-3 flex-row-block d-flex flex-column justify-content-between  \">\r\n                        <img decoding=\"async\" src=\"https:\/\/supersiteskills.com\/wp-content\/uploads\/2025\/06\/Asphaltschulung-3-Praxisteil-SSS-scaled.jpg\" alt=\"Spezialisierung im Asphaltbau\" \/>\r\n                        <div class=\"container d-flex flex-column justify-content-between h-100 p-2\">\r\n                        <div class=\"teaser-headline-div\">\r\n                        <h3 class=\"teaser-headline m-0\">Spezialisierung im Asphaltbau<\/h3>\r\n                        <span class=\"teaser-sub-headline\"><\/span>\r\n                        <\/div>\r\n                         <div class=\"teaser-description\" style=\" display:block; \"><p>Die Schulung zeigt kompakt und praxisnah den Ablauf eines modernen Asphalteinbaus.<\/p><\/div>\r\n                        <div class=\"btn-wrapper m-4\">\r\n                 <p class=\"price-block d-flex gap-2\">\r\n                 \r\n                         <span class=\"price-input-style\">Nur 199 &euro;<\/span>\r\n                <span class=\"vat-note\">(zzgl. 19 % MwSt.)<\/span>\r\n                 <\/p>\r\n                 <a href=\"\/asphaltbau-spezialisierung-online-schulung\/\" target=\"_self\" class=\"button-1 btn-outline-full-gold\">Zum Schulungskauf<\/a>\r\n                <\/div>\r\n                    <\/div> \r\n                <\/div>\r\n                            <\/div>\r\n                    <\/div>\r\n                <\/div>\r\n             <\/section><section id=\"\" class=\"text-block  wt-space-top text-block-id-69e17f78bf26c bg-color-white\">                \r\n                    <div class=\"container\">                        \r\n                        <div class=\"row\">                                        \r\n                        <div class=\"col\">\r\n                            <h2 class=\"textBlock-headline left \">Flexible Anpassung an Ihre Bed\u00fcrfnisse<\/h2>\r\n                        <\/div>                                        \r\n                    <\/div>                        \r\n                        <div class=\"row text\">\r\n                        <div class=\"col\">\r\n                            <div class=\"textBlock-text text-block-html  text-black\">\r\n                                <p class=\"wp-block-wt-text-block\">Nos formations sont con\u00e7ues en fonction du niveau de qualification des participants. Elles offrent ainsi une valeur ajout\u00e9e \u00e0 tout professionnel de l&rsquo;asphalte, de la construction routi\u00e8re ou des travaux publics, qu&rsquo;il soit ing\u00e9nieur civil, chef de chantier ou ouvrier routier. Les novices peuvent acqu\u00e9rir des connaissances de base, les professionnels exp\u00e9riment\u00e9s approfondir leurs connaissances et les maintenir \u00e0 jour. Nos formateurs r\u00e9pondent \u00e0 vos besoins individuels et \u00e0 vos d\u00e9fis pratiques lors des livestreams. Ils vous donnent ainsi les outils dont vous avez besoin pour travailler efficacement et en toute s\u00e9curit\u00e9 dans votre travail quotidien.      <\/p>\n\r\n                            <\/div>\r\n                        <\/div>                                        \r\n                    <\/div>                                              \r\n                    <\/div>                                \r\n            <\/section>            \r\n            <section id=\"hinweis-block\" class=\"image-text-block image-text-block-id-69e17f78bf3d6 image-text-block-layout-boxed image-text-block-select-layout-1 hinweis-block bg-gray\">\r\n                            \r\n                    <div class=\"container\">                        \r\n                        \r\n                        <div class=\"image-text-wrapper\">\r\n                            <div class=\"row\">\r\n                            \r\n                                <div class=\"col-12 col-xl-5 left-wrapper d-flex justify-content-center align-items-start mb-4 mb-xl-0 image-layout-0\">\r\n                                    <img loading=\"lazy\" decoding=\"async\" width=\"1920\" height=\"1080\" src=\"https:\/\/supersiteskills.com\/wp-content\/uploads\/2025\/09\/Bild-Mehrsprachigkeit-SuperSiteSkills.jpg\" class=\"img-fluid\" alt=\"Bild Mehrsprachigkeit SuperSiteSkills\" srcset=\"https:\/\/supersiteskills.com\/wp-content\/uploads\/2025\/09\/Bild-Mehrsprachigkeit-SuperSiteSkills.jpg 1920w, https:\/\/supersiteskills.com\/wp-content\/uploads\/2025\/09\/Bild-Mehrsprachigkeit-SuperSiteSkills-300x169.jpg 300w, https:\/\/supersiteskills.com\/wp-content\/uploads\/2025\/09\/Bild-Mehrsprachigkeit-SuperSiteSkills-1024x576.jpg 1024w, https:\/\/supersiteskills.com\/wp-content\/uploads\/2025\/09\/Bild-Mehrsprachigkeit-SuperSiteSkills-768x432.jpg 768w, https:\/\/supersiteskills.com\/wp-content\/uploads\/2025\/09\/Bild-Mehrsprachigkeit-SuperSiteSkills-1536x864.jpg 1536w, https:\/\/supersiteskills.com\/wp-content\/uploads\/2025\/09\/Bild-Mehrsprachigkeit-SuperSiteSkills-600x338.jpg 600w\" sizes=\"auto, (max-width: 1920px) 100vw, 1920px\" \/>\r\n                                <\/div>\r\n                                \r\n                                <div class=\"col-12 col-xl-7\">\r\n                                    <div class=\"content\">\r\n                                       \r\n                                       <div class=\"block-content-wrapper\">\r\n                                            <h2 class='headline'>Asphaltbau ohne Sprachbarrieren<\/h2>\r\n                                            <div class=\"editor-content-wrapper\"><p>Unsere Schulungen sind so konzipiert, dass die Inhalte von allen Teilnehmern verstanden werden k\u00f6nnen. Dazu werden alle Schulungsvideos mit mehrsprachigen Untertiteln und Audiospuren bereitgestellt, um jeden Teilnehmer auf das gleiche Wissensniveau zu bringen. Durch die kontinuierliche Weiterentwicklung des Schulungsplattform sorgen wir daf\u00fcr, dass Mitarbeiter im Stra\u00dfenbau, egal ob aus Rum\u00e4nien, der T\u00fcrkei oder Spanien , Kenntnisse und Abl\u00e4ufe in ihrer Landessprache ohne Informationsverlust vermittelt bekommen.<\/p>\n\n<p style=\"font-size:14px ;\"><strong>Hinweis<\/strong><br>\nUnsere Schulungen wurden mit Unterst\u00fctzung moderner KI-Tools in verschiedene Sprachen \u00fcbersetzt. Trotz gr\u00f6\u00dfter Sorgfalt k\u00f6nnen sich dabei gelegentlich kleine \u00dcbersetzungsfehler einschleichen .Falls Ihnen etwas auff\u00e4llt, freuen wir uns \u00fcber einen kurzen Hinweis an \n<a href=\"mailto:info@supersiteskills.com\">info@supersiteskills.com<\/a><br>Vielen Dank f\u00fcr Ihr Verst\u00e4ndnis!<\/p><\/div>\r\n                                       <\/div>\r\n                                    <\/div>\r\n                                <\/div>\r\n                                \r\n                            <\/div>\r\n                        <\/div>                            \r\n                    <\/div>\r\n                                                  \r\n            <\/section><section id=\"\" class=\"split-block py-5 split-block-id-69e17f78bf91e split-block-layout-boxed split-block-select-layout-0  bg-white\">\r\n                            \r\n                <div class=\"container\">\r\n                    \r\n                    <div class=\"split-wrapper\">\r\n                        <div class=\"row\">\r\n                            <div class=\"col-12 col-xl-7 d-flex align-items-center justify-content-center \">\r\n                                <div class=\"content \">\r\n                                    <div class=\"block-content-wrapper\">\r\n                                        <h2 class='headline text-'>Immer als Erster informiert<\/h2>\r\n                                        <div class=\"con-wrapper text-\"><p class=\"wp-block-wt-split-block\">Inscrivez-vous d\u00e8s maintenant \u00e0 notre newsletter et profitez d&rsquo;un contenu exclusif, de connaissances approfondies et de pr\u00e9cieux aper\u00e7us d&rsquo;experts du secteur. Pr\u00e9parez-vous, vous et votre \u00e9quipe, \u00e0 relever les d\u00e9fis \u00e0 venir et mettez vos connaissances \u00e0 jour. Abonnez-vous d\u00e8s maintenant et prenez votre envol !  <\/p>\n<\/div>\r\n                                            \r\n            <div class=\"btn-wrapper mb-4 mb-xl-0 mt-5\">\r\n            <a href=\"\/newsletter\/?nls=schulung%20\"  class=\"btn-outline-full-gold\">Jetzt abonnieren<\/a>\r\n            <\/div> \r\n                                    <\/div>\r\n                                <\/div>\r\n                            <\/div>\r\n                            \r\n                            <div class=\"col-12 col-xl-5 d-flex mt-1 align-items-center justify-content-center image-layout-0\">\r\n                                <img loading=\"lazy\" decoding=\"async\" width=\"828\" height=\"550\" src=\"https:\/\/supersiteskills.com\/wp-content\/uploads\/2025\/06\/Home_HeroImage_V2_Mrz2025-min-1.png\" class=\"img-fluid\" alt=\"Tablet mit Baustellenelementen\" srcset=\"https:\/\/supersiteskills.com\/wp-content\/uploads\/2025\/06\/Home_HeroImage_V2_Mrz2025-min-1.png 828w, https:\/\/supersiteskills.com\/wp-content\/uploads\/2025\/06\/Home_HeroImage_V2_Mrz2025-min-1-300x199.png 300w, https:\/\/supersiteskills.com\/wp-content\/uploads\/2025\/06\/Home_HeroImage_V2_Mrz2025-min-1-768x510.png 768w, https:\/\/supersiteskills.com\/wp-content\/uploads\/2025\/06\/Home_HeroImage_V2_Mrz2025-min-1-600x399.png 600w\" sizes=\"auto, (max-width: 828px) 100vw, 828px\" \/>\r\n                            <\/div>\r\n                            \r\n                        <\/div>\r\n                    <\/div>                            \r\n                <\/div>\r\n                                                  \r\n            <\/section><section id=\"\" class=\"text-block  wt-space-top text-block-id-69e17f78bfdce bg-color-gray\">                \r\n                    <div class=\"container\">                        \r\n                        <div class=\"row\">                                        \r\n                        <div class=\"col\">\r\n                            <h2 class=\"textBlock-headline left \">Was unsere Schulungen f\u00fcr Stra\u00dfenbauer auszeichnet<\/h2>\r\n                        <\/div>                                        \r\n                    <\/div>                        \r\n                        <div class=\"row text\">\r\n                        <div class=\"col\">\r\n                            <div class=\"textBlock-text text-block-html  text-black\">\r\n                                <p class=\"wp-block-wt-text-block\">Nos formations offrent un perfectionnement pratique avec un savoir-faire de fond complet et des connaissances pratiques de pointe pour la construction d&rsquo;asphalte. D\u00e9couvrez une combinaison virtuelle de th\u00e9orie, de comp\u00e9tences pratiques sur la machine et de visites de chantier pour am\u00e9liorer vos connaissances et surtout vos comp\u00e9tences. La r\u00e9partition modulaire des th\u00e8mes vous permet de cr\u00e9er votre propre parcours d&rsquo;apprentissage afin qu&rsquo;il corresponde au mieux \u00e0 vos besoins ou \u00e0 ceux de votre entreprise.  <\/p>\n\r\n                            <\/div>\r\n                        <\/div>                                        \r\n                    <\/div>                                              \r\n                    <\/div>                                \r\n            <\/section>            \r\n            <section id=\"\" class=\"split-block py-5 split-block-id-69e17f78bfee2  split-block-layout-boxed split-block-select-layout-1  bg-white\">\r\n                            \r\n                    <div class=\"container\">                        \r\n                        \r\n                        <div class=\"split-wrapper\">\r\n                            <div class=\"row\">\r\n                            \r\n                                <div class=\"col-12 col-xl-5 mt-1 d-flex align-items-center justify-content-center mb-4 mb-xl-0 image-layout-0\">\r\n                                    <img loading=\"lazy\" decoding=\"async\" width=\"1920\" height=\"1080\" src=\"https:\/\/supersiteskills.com\/wp-content\/uploads\/2024\/07\/Design-ohne-Titel-min.jpg\" class=\"img-fluid\" alt=\"\" srcset=\"https:\/\/supersiteskills.com\/wp-content\/uploads\/2024\/07\/Design-ohne-Titel-min.jpg 1920w, https:\/\/supersiteskills.com\/wp-content\/uploads\/2024\/07\/Design-ohne-Titel-min-600x338.jpg 600w, https:\/\/supersiteskills.com\/wp-content\/uploads\/2024\/07\/Design-ohne-Titel-min-300x169.jpg 300w, https:\/\/supersiteskills.com\/wp-content\/uploads\/2024\/07\/Design-ohne-Titel-min-1024x576.jpg 1024w, https:\/\/supersiteskills.com\/wp-content\/uploads\/2024\/07\/Design-ohne-Titel-min-768x432.jpg 768w, https:\/\/supersiteskills.com\/wp-content\/uploads\/2024\/07\/Design-ohne-Titel-min-1536x864.jpg 1536w, https:\/\/supersiteskills.com\/wp-content\/uploads\/2024\/07\/Design-ohne-Titel-min-1320x743.jpg 1320w\" sizes=\"auto, (max-width: 1920px) 100vw, 1920px\" \/>\r\n                                <\/div>\r\n                                \r\n                                <div class=\"col-12 col-xl-7 d-flex align-items-center justify-content-center\">\r\n                                    <div class=\"content\">\r\n                                       \r\n                                       <div class=\"block-content-wrapper\">\r\n                                            <h2 class='headline text-'>Ihre Wissensquelle f\u00fcr unterwegs<\/h2>\r\n                                            <div class=\"con-wrapper text-\"><p class=\"wp-block-wt-split-block\">Avec notre podcast Asphalt Talk, vous recevez r\u00e9guli\u00e8rement des aper\u00e7us passionnants et les derniers d\u00e9veloppements dans la construction routi\u00e8re - pr\u00e9sent\u00e9s par nos experts et connaisseurs du secteur. Des sujets comme les appels d&rsquo;offres dans le secteur public \u00e0 l&rsquo;avenir de la construction routi\u00e8re, nous mettons en lumi\u00e8re des th\u00e8mes vari\u00e9s et informons sur les d\u00e9veloppements et tendances actuels. <\/p>\n<\/div>\r\n                                                \r\n            <div class=\"btn-wrapper mb-4 mb-xl-0 mt-5\">\r\n            <a href=\"https:\/\/asphalt-talk.podigee.io\/\" target=\"_blank\" rel=\"noopener\" class=\"btn-outline-full-gold\">Jetzt Reinh\u00f6ren<\/a>\r\n            <\/div>\r\n                                       <\/div>\r\n                                    <\/div>\r\n                                <\/div>\r\n                                \r\n                            <\/div>\r\n                        <\/div>                            \r\n                    <\/div>\r\n            <\/section>\n<div style=\"height:25px\" aria-hidden=\"true\" class=\"wp-block-spacer\"><\/div>\n","protected":false},"excerpt":{"rendered":"","protected":false},"author":106,"featured_media":0,"parent":0,"menu_order":0,"comment_status":"closed","ping_status":"closed","template":"","meta":{"footnotes":""},"class_list":["post-7200","page","type-page","status-publish","hentry"],"yoast_head":"<!-- This site is optimized with the Yoast SEO plugin v26.9 - https:\/\/yoast.com\/product\/yoast-seo-wordpress\/ -->\n<title>Formations pour constructeurs de routes sur SuperSiteSkills<\/title>\n<meta name=\"description\" content=\"Nos formations pour constructeurs routiers vous apprennent tout ce que vous devez savoir sur la construction d&#039;asphalte du futur \u27a1\ufe0f En savoir plus maintenant !\" \/>\n<meta name=\"robots\" content=\"index, follow, max-snippet:-1, max-image-preview:large, max-video-preview:-1\" \/>\n<link rel=\"canonical\" href=\"https:\/\/supersiteskills.com\/fr\/formations\/\" \/>\n<meta property=\"og:locale\" content=\"fr_FR\" \/>\n<meta property=\"og:type\" content=\"article\" \/>\n<meta property=\"og:title\" content=\"Formations pour constructeurs de routes sur SuperSiteSkills\" \/>\n<meta property=\"og:description\" content=\"Nos formations pour constructeurs routiers vous apprennent tout ce que vous devez savoir sur la construction d&#039;asphalte du futur \u27a1\ufe0f En savoir plus maintenant !\" \/>\n<meta property=\"og:url\" content=\"https:\/\/supersiteskills.com\/fr\/formations\/\" \/>\n<meta property=\"og:site_name\" content=\"SuperSiteSkills\" \/>\n<meta property=\"article:modified_time\" content=\"2026-01-19T12:29:38+00:00\" \/>\n<meta name=\"twitter:card\" content=\"summary_large_image\" \/>\n<meta name=\"twitter:label1\" content=\"Dur\u00e9e de lecture estim\u00e9e\" \/>\n\t<meta name=\"twitter:data1\" content=\"2 minutes\" \/>\n<script type=\"application\/ld+json\" class=\"yoast-schema-graph\">{\"@context\":\"https:\/\/schema.org\",\"@graph\":[{\"@type\":\"WebPage\",\"@id\":\"https:\/\/supersiteskills.com\/fr\/formations\/\",\"url\":\"https:\/\/supersiteskills.com\/fr\/formations\/\",\"name\":\"Formations pour constructeurs de routes sur SuperSiteSkills\",\"isPartOf\":{\"@id\":\"https:\/\/supersiteskills.com\/#website\"},\"datePublished\":\"2025-08-14T13:48:12+00:00\",\"dateModified\":\"2026-01-19T12:29:38+00:00\",\"description\":\"Nos formations pour constructeurs routiers vous apprennent tout ce que vous devez savoir sur la construction d'asphalte du futur \u27a1\ufe0f En savoir plus maintenant !\",\"breadcrumb\":{\"@id\":\"https:\/\/supersiteskills.com\/fr\/formations\/#breadcrumb\"},\"inLanguage\":\"fr-FR\",\"potentialAction\":[{\"@type\":\"ReadAction\",\"target\":[\"https:\/\/supersiteskills.com\/fr\/formations\/\"]}]},{\"@type\":\"BreadcrumbList\",\"@id\":\"https:\/\/supersiteskills.com\/fr\/formations\/#breadcrumb\",\"itemListElement\":[{\"@type\":\"ListItem\",\"position\":1,\"name\":\"Startseite\",\"item\":\"https:\/\/supersiteskills.com\/fr\/\"},{\"@type\":\"ListItem\",\"position\":2,\"name\":\"Formations\"}]},{\"@type\":\"WebSite\",\"@id\":\"https:\/\/supersiteskills.com\/#website\",\"url\":\"https:\/\/supersiteskills.com\/\",\"name\":\"SuperSiteSkills\",\"description\":\"\",\"potentialAction\":[{\"@type\":\"SearchAction\",\"target\":{\"@type\":\"EntryPoint\",\"urlTemplate\":\"https:\/\/supersiteskills.com\/?s={search_term_string}\"},\"query-input\":{\"@type\":\"PropertyValueSpecification\",\"valueRequired\":true,\"valueName\":\"search_term_string\"}}],\"inLanguage\":\"fr-FR\"}]}<\/script>\n<!-- \/ Yoast SEO plugin. -->","yoast_head_json":{"title":"Formations pour constructeurs de routes sur SuperSiteSkills","description":"Nos formations pour constructeurs routiers vous apprennent tout ce que vous devez savoir sur la construction d'asphalte du futur \u27a1\ufe0f En savoir plus maintenant !","robots":{"index":"index","follow":"follow","max-snippet":"max-snippet:-1","max-image-preview":"max-image-preview:large","max-video-preview":"max-video-preview:-1"},"canonical":"https:\/\/supersiteskills.com\/fr\/formations\/","og_locale":"fr_FR","og_type":"article","og_title":"Formations pour constructeurs de routes sur SuperSiteSkills","og_description":"Nos formations pour constructeurs routiers vous apprennent tout ce que vous devez savoir sur la construction d'asphalte du futur \u27a1\ufe0f En savoir plus maintenant !","og_url":"https:\/\/supersiteskills.com\/fr\/formations\/","og_site_name":"SuperSiteSkills","article_modified_time":"2026-01-19T12:29:38+00:00","twitter_card":"summary_large_image","twitter_misc":{"Dur\u00e9e de lecture estim\u00e9e":"2 minutes"},"schema":{"@context":"https:\/\/schema.org","@graph":[{"@type":"WebPage","@id":"https:\/\/supersiteskills.com\/fr\/formations\/","url":"https:\/\/supersiteskills.com\/fr\/formations\/","name":"Formations pour constructeurs de routes sur SuperSiteSkills","isPartOf":{"@id":"https:\/\/supersiteskills.com\/#website"},"datePublished":"2025-08-14T13:48:12+00:00","dateModified":"2026-01-19T12:29:38+00:00","description":"Nos formations pour constructeurs routiers vous apprennent tout ce que vous devez savoir sur la construction d'asphalte du futur \u27a1\ufe0f En savoir plus maintenant !","breadcrumb":{"@id":"https:\/\/supersiteskills.com\/fr\/formations\/#breadcrumb"},"inLanguage":"fr-FR","potentialAction":[{"@type":"ReadAction","target":["https:\/\/supersiteskills.com\/fr\/formations\/"]}]},{"@type":"BreadcrumbList","@id":"https:\/\/supersiteskills.com\/fr\/formations\/#breadcrumb","itemListElement":[{"@type":"ListItem","position":1,"name":"Startseite","item":"https:\/\/supersiteskills.com\/fr\/"},{"@type":"ListItem","position":2,"name":"Formations"}]},{"@type":"WebSite","@id":"https:\/\/supersiteskills.com\/#website","url":"https:\/\/supersiteskills.com\/","name":"SuperSiteSkills","description":"","potentialAction":[{"@type":"SearchAction","target":{"@type":"EntryPoint","urlTemplate":"https:\/\/supersiteskills.com\/?s={search_term_string}"},"query-input":{"@type":"PropertyValueSpecification","valueRequired":true,"valueName":"search_term_string"}}],"inLanguage":"fr-FR"}]}},"_links":{"self":[{"href":"https:\/\/supersiteskills.com\/fr\/wp-json\/wp\/v2\/pages\/7200","targetHints":{"allow":["GET"]}}],"collection":[{"href":"https:\/\/supersiteskills.com\/fr\/wp-json\/wp\/v2\/pages"}],"about":[{"href":"https:\/\/supersiteskills.com\/fr\/wp-json\/wp\/v2\/types\/page"}],"author":[{"embeddable":true,"href":"https:\/\/supersiteskills.com\/fr\/wp-json\/wp\/v2\/users\/106"}],"replies":[{"embeddable":true,"href":"https:\/\/supersiteskills.com\/fr\/wp-json\/wp\/v2\/comments?post=7200"}],"version-history":[{"count":1,"href":"https:\/\/supersiteskills.com\/fr\/wp-json\/wp\/v2\/pages\/7200\/revisions"}],"predecessor-version":[{"id":7204,"href":"https:\/\/supersiteskills.com\/fr\/wp-json\/wp\/v2\/pages\/7200\/revisions\/7204"}],"wp:attachment":[{"href":"https:\/\/supersiteskills.com\/fr\/wp-json\/wp\/v2\/media?parent=7200"}],"curies":[{"name":"wp","href":"https:\/\/api.w.org\/{rel}","templated":true}]}}