{"id":7459,"date":"2025-09-15T11:54:52","date_gmt":"2025-09-15T09:54:52","guid":{"rendered":"https:\/\/supersiteskills.com\/comment-reussir-la-surveillance-des-travaux-de-genie-civil\/"},"modified":"2026-01-19T13:53:17","modified_gmt":"2026-01-19T12:53:17","slug":"comment-reussir-la-surveillance-des-travaux-de-genie-civil","status":"publish","type":"page","link":"https:\/\/supersiteskills.com\/fr\/comment-reussir-la-surveillance-des-travaux-de-genie-civil\/","title":{"rendered":"Comment r\u00e9ussir la surveillance des travaux de g\u00e9nie civil"},"content":{"rendered":"<section class=\"hero-section-block  bg-  hero-section-extra- \" style=\" \r\n            background-image: url(https:\/\/supersiteskills.com\/wp-content\/uploads\/2024\/07\/Home_Hero_BG1.png); \r\n            background-size: cover;  \r\n            background-repeat: no-repeat; \r\n            background-position: top;\r\n            overflow: hidden; \">    \r\n            <div class=\"container hero-section-container hero-section-2\">\r\n                    <div class=\"hero-section d-flex align-items-center\">\r\n                    <div class=\"hero-left-type-2\">\r\n                       <h1 class=\"hero-title text-white \">Mit einem Bein im Knast? Herausforderungen der Bau\u00fcberwachung<\/h1>\r\n                        <p class=\"hero-description text-\">Wie kommuniziert man im Tiefbau am besten mit Anwohnern und Kommunen, um \u00c4rger und Streitigkeiten zu vermeiden? Annette Reinauer teilt ihre Erfahrungen mit uns und spricht \u00fcber ihre Arbeit in der Bau\u00fcberwachung.<\/p>\r\n                        \r\n                    <\/div>\r\n                <\/div>\r\n            <\/div>\r\n        <\/section>            \r\n            <section id=\"\" class=\"image-text-block image-text-block-id-69e179d736f52 image-text-block-layout-boxed image-text-block-select-layout-1  bg-gray\">\r\n                            \r\n                    <div class=\"container\">                        \r\n                        \r\n                        <div class=\"image-text-wrapper\">\r\n                            <div class=\"row\">\r\n                            \r\n                                <div class=\"col-12 col-xl-5 left-wrapper d-flex justify-content-center align-items-start mb-4 mb-xl-0 image-layout-0\">\r\n                                    <img loading=\"lazy\" decoding=\"async\" width=\"2560\" height=\"1708\" src=\"https:\/\/supersiteskills.com\/wp-content\/uploads\/2025\/09\/Arbeiter-bei-der-Bauueberwachung-SuperSiteSkills-scaled.jpg\" class=\"img-fluid\" alt=\"Arbeiter bei der Bau\u00fcberwachung\" srcset=\"https:\/\/supersiteskills.com\/wp-content\/uploads\/2025\/09\/Arbeiter-bei-der-Bauueberwachung-SuperSiteSkills-scaled.jpg 2560w, https:\/\/supersiteskills.com\/wp-content\/uploads\/2025\/09\/Arbeiter-bei-der-Bauueberwachung-SuperSiteSkills-300x200.jpg 300w, https:\/\/supersiteskills.com\/wp-content\/uploads\/2025\/09\/Arbeiter-bei-der-Bauueberwachung-SuperSiteSkills-1024x683.jpg 1024w, https:\/\/supersiteskills.com\/wp-content\/uploads\/2025\/09\/Arbeiter-bei-der-Bauueberwachung-SuperSiteSkills-768x512.jpg 768w, https:\/\/supersiteskills.com\/wp-content\/uploads\/2025\/09\/Arbeiter-bei-der-Bauueberwachung-SuperSiteSkills-1536x1025.jpg 1536w, https:\/\/supersiteskills.com\/wp-content\/uploads\/2025\/09\/Arbeiter-bei-der-Bauueberwachung-SuperSiteSkills-2048x1366.jpg 2048w, https:\/\/supersiteskills.com\/wp-content\/uploads\/2025\/09\/Arbeiter-bei-der-Bauueberwachung-SuperSiteSkills-600x400.jpg 600w\" sizes=\"auto, (max-width: 2560px) 100vw, 2560px\" \/>\r\n                                <\/div>\r\n                                \r\n                                <div class=\"col-12 col-xl-7\">\r\n                                    <div class=\"content\">\r\n                                       \r\n                                       <div class=\"block-content-wrapper\">\r\n                                            <h2 class='headline'>Politische Zw\u00e4nge und die Bau\u00fcberwachung<\/h2>\r\n                                            <div class=\"editor-content-wrapper\"><p class=\"wp-block-wt-image-text-block\">Il n&rsquo;est souvent pas facile de travailler avec les municipalit\u00e9s dans le cadre de la supervision des travaux. Cela n&rsquo;est g\u00e9n\u00e9ralement pas d\u00fb \u00e0 un manque de compr\u00e9hension du g\u00e9nie civil, mais plut\u00f4t \u00e0 des contraintes financi\u00e8res et politiques. Annette Reinauer, du <a href=\"https:\/\/schaedel.net\/\">bureau d&rsquo;\u00e9tudes Sch\u00e4del<\/a> de Weil der Stadt, nous a expliqu\u00e9 comment g\u00e9rer au mieux ces contraintes et celles des riverains.  <\/p>\n<\/div>\r\n                                       <\/div>\r\n                                    <\/div>\r\n                                <\/div>\r\n                                \r\n                            <\/div>\r\n                        <\/div>                            \r\n                    <\/div>\r\n                                                  \r\n            <\/section><section id=\"\" class=\"image-text-block image-text-block-id-69e179d73715e image-text-block-layout-boxed image-text-block-select-layout-0  bg-gray\">\r\n                            \r\n                <div class=\"container\">\r\n                    \r\n                    <div class=\"image-text-wrapper\">\r\n                        <div class=\"row\">\r\n                        \r\n                            <div class=\"col-12 col-xl-7 \">\r\n                                <div class=\"content \">\r\n                                    <div class=\"block-content-wrapper\">\r\n                                        <h2 class='headline'>Kein Studium bereitet auf diesen Beruf vor<\/h2>\r\n                                        <div class=\"editor-content-wrapper\"><p class=\"wp-block-wt-image-text-block\">Annette Reinauer est convaincue que la supervision de la construction ne s&rsquo;apprend qu&rsquo;\u00e0 la dure. Il n&rsquo;existe pas de formation initiale ou continue, ni d&rsquo;\u00e9tudes qui vous y pr\u00e9parent. Dans le g\u00e9nie civil municipal, il y a aussi les particularit\u00e9s li\u00e9es au travail avec les pouvoirs publics et les riverains.  <\/p>\n<\/div>\r\n                                    <\/div>\r\n                                <\/div>\r\n                            <\/div>\r\n                            \r\n                            <div class=\"col-12 col-xl-5 d-flex justify-content-center align-items-start mb-4 mb-xl-0 image-layout-0\">\r\n                                <img loading=\"lazy\" decoding=\"async\" width=\"2560\" height=\"1707\" src=\"https:\/\/supersiteskills.com\/wp-content\/uploads\/2025\/09\/Arbeiter-bei-Tiefbau-SuperSiteSkills-scaled.jpg\" class=\"img-fluid\" alt=\"Arbeiter bei Tiefbau\" srcset=\"https:\/\/supersiteskills.com\/wp-content\/uploads\/2025\/09\/Arbeiter-bei-Tiefbau-SuperSiteSkills-scaled.jpg 2560w, https:\/\/supersiteskills.com\/wp-content\/uploads\/2025\/09\/Arbeiter-bei-Tiefbau-SuperSiteSkills-300x200.jpg 300w, https:\/\/supersiteskills.com\/wp-content\/uploads\/2025\/09\/Arbeiter-bei-Tiefbau-SuperSiteSkills-1024x683.jpg 1024w, https:\/\/supersiteskills.com\/wp-content\/uploads\/2025\/09\/Arbeiter-bei-Tiefbau-SuperSiteSkills-768x512.jpg 768w, https:\/\/supersiteskills.com\/wp-content\/uploads\/2025\/09\/Arbeiter-bei-Tiefbau-SuperSiteSkills-1536x1024.jpg 1536w, https:\/\/supersiteskills.com\/wp-content\/uploads\/2025\/09\/Arbeiter-bei-Tiefbau-SuperSiteSkills-2048x1365.jpg 2048w, https:\/\/supersiteskills.com\/wp-content\/uploads\/2025\/09\/Arbeiter-bei-Tiefbau-SuperSiteSkills-600x400.jpg 600w\" sizes=\"auto, (max-width: 2560px) 100vw, 2560px\" \/>\r\n                            <\/div>\r\n                            \r\n                        <\/div>\r\n                    <\/div>                            \r\n                <\/div>\r\n                                                  \r\n            <\/section><section id=\"\" class=\"text-block  wt-space-top text-block-id-69e179d7372ba bg-color-gray\">                \r\n                    <div class=\"container\">                        \r\n                        <div class=\"row\">                                        \r\n                        <div class=\"col\">\r\n                            <h2 class=\"textBlock-headline left \">Anwohner abholen und klar kommunizieren<\/h2>\r\n                        <\/div>                                        \r\n                    <\/div>                        \r\n                        <div class=\"row text\">\r\n                        <div class=\"col\">\r\n                            <div class=\"textBlock-text text-block-html  text-black\">\r\n                                <p class=\"wp-block-wt-text-block\">Il est g\u00e9n\u00e9ralement facile d&rsquo;obtenir l&rsquo;adh\u00e9sion de ces derniers en les informant lors de r\u00e9unions sur les mesures pr\u00e9vues, leurs avantages et leur dur\u00e9e. De plus, comme le dit Reinauer \u00e0 notre h\u00f4te Florian, il est souvent possible d&rsquo;obtenir l&rsquo;adh\u00e9sion des riverains aux travaux de construction en leur offrant des avantages concrets, comme la possibilit\u00e9 de renouveler leur branchement d&rsquo;eau. <\/p>\n\r\n                            <\/div>\r\n                        <\/div>                                        \r\n                    <\/div>                                              \r\n                    <\/div>                                \r\n            <\/section>            \r\n            <section id=\"\" class=\"image-text-block image-text-block-id-69e179d737307 image-text-block-layout-boxed image-text-block-select-layout-1  bg-gray\">\r\n                            \r\n                    <div class=\"container\">                        \r\n                        \r\n                        <div class=\"image-text-wrapper\">\r\n                            <div class=\"row\">\r\n                            \r\n                                <div class=\"col-12 col-xl-5 left-wrapper d-flex justify-content-center align-items-start mb-4 mb-xl-0 image-layout-0\">\r\n                                    <img loading=\"lazy\" decoding=\"async\" width=\"2560\" height=\"1698\" src=\"https:\/\/supersiteskills.com\/wp-content\/uploads\/2025\/09\/Bagger-bei-Tiefbau-SuperSiteSkills-scaled.jpg\" class=\"img-fluid\" alt=\"Bagger bei Tiefbau\" srcset=\"https:\/\/supersiteskills.com\/wp-content\/uploads\/2025\/09\/Bagger-bei-Tiefbau-SuperSiteSkills-scaled.jpg 2560w, https:\/\/supersiteskills.com\/wp-content\/uploads\/2025\/09\/Bagger-bei-Tiefbau-SuperSiteSkills-300x199.jpg 300w, https:\/\/supersiteskills.com\/wp-content\/uploads\/2025\/09\/Bagger-bei-Tiefbau-SuperSiteSkills-1024x679.jpg 1024w, https:\/\/supersiteskills.com\/wp-content\/uploads\/2025\/09\/Bagger-bei-Tiefbau-SuperSiteSkills-768x509.jpg 768w, https:\/\/supersiteskills.com\/wp-content\/uploads\/2025\/09\/Bagger-bei-Tiefbau-SuperSiteSkills-1536x1019.jpg 1536w, https:\/\/supersiteskills.com\/wp-content\/uploads\/2025\/09\/Bagger-bei-Tiefbau-SuperSiteSkills-2048x1358.jpg 2048w, https:\/\/supersiteskills.com\/wp-content\/uploads\/2025\/09\/Bagger-bei-Tiefbau-SuperSiteSkills-600x398.jpg 600w\" sizes=\"auto, (max-width: 2560px) 100vw, 2560px\" \/>\r\n                                <\/div>\r\n                                \r\n                                <div class=\"col-12 col-xl-7\">\r\n                                    <div class=\"content\">\r\n                                       \r\n                                       <div class=\"block-content-wrapper\">\r\n                                            <h2 class='headline'>Umgang mit kommunalen Bauherren<\/h2>\r\n                                            <div class=\"editor-content-wrapper\"><p class=\"wp-block-wt-image-text-block\">En revanche, les relations avec les ma\u00eetres d&rsquo;ouvrage municipaux s&rsquo;av\u00e8rent souvent plus difficiles. En effet, les projets de construction publics ne sont pas seulement soumis \u00e0 des contraintes de co\u00fbts et de d\u00e9lais, mais aussi \u00e0 des aspects politiques. Reinauer et ses coll\u00e8gues sont souvent confront\u00e9s au fait que le service des travaux publics ne peut souvent pas prendre lui-m\u00eame de nombreuses d\u00e9cisions importantes.  <\/p>\n<\/div>\r\n                                       <\/div>\r\n                                    <\/div>\r\n                                <\/div>\r\n                                \r\n                            <\/div>\r\n                        <\/div>                            \r\n                    <\/div>\r\n                                                  \r\n            <\/section><section id=\"\" class=\"text-block  wt-space-top text-block-id-69e179d73741d bg-color-gray\">                \r\n                    <div class=\"container\">                        \r\n                        <div class=\"row\">                                        \r\n                        <div class=\"col\">\r\n                            <h2 class=\"textBlock-headline left \">Herausforderungen in der Bau\u00fcberwachung<\/h2>\r\n                        <\/div>                                        \r\n                    <\/div>                        \r\n                        <div class=\"row text\">\r\n                        <div class=\"col\">\r\n                            <div class=\"textBlock-text text-block-html  text-black\">\r\n                                <p class=\"wp-block-wt-text-block\">Une fois que tout est en place, il arrive souvent que les fournisseurs veuillent tout \u00e0 coup r\u00e9nover leurs canalisations. Dans cet \u00e9pisode d&rsquo;Asphalt Talk, Reinauer nous explique comment g\u00e9rer au mieux cette situation et comment se prot\u00e9ger juridiquement lors de la surveillance des travaux. <\/p>\n\r\n                            <\/div>\r\n                        <\/div>                                        \r\n                    <\/div>                                              \r\n                    <\/div>                                \r\n            <\/section><section id=\"\" class=\"split-block py-5 split-block-id-69e179d737463 split-block-layout-boxed split-block-select-layout-0  bg-white\">\r\n                            \r\n                <div class=\"container\">\r\n                    \r\n                    <div class=\"split-wrapper\">\r\n                        <div class=\"row\">\r\n                            <div class=\"col-12 col-xl-7 d-flex align-items-center justify-content-center \">\r\n                                <div class=\"content \">\r\n                                    <div class=\"block-content-wrapper\">\r\n                                        <h2 class='headline text-'>Immer auf dem neuesten Stand<\/h2>\r\n                                        <div class=\"con-wrapper text-\"><p class=\"wp-block-wt-split-block\">Vous voulez tout savoir sur les applications d&rsquo;asphalte et la construction routi\u00e8re moderne par des experts ? Alors assurez-vous d\u00e8s maintenant l&rsquo;acc\u00e8s \u00e0 nos contenus de formation exclusifs pour rafra\u00eechir vos connaissances. <\/p>\n<\/div>\r\n                                            \r\n            <div class=\"btn-wrapper mb-4 mb-xl-0 mt-5\">\r\n            <a href=\"\/schulungen\/\"  class=\"btn-outline-full-gold\">Jetzt mehr erfahren<\/a>\r\n            <\/div> \r\n                                    <\/div>\r\n                                <\/div>\r\n                            <\/div>\r\n                            \r\n                            <div class=\"col-12 col-xl-5 d-flex mt-1 align-items-center justify-content-center image-layout-0\">\r\n                                <img loading=\"lazy\" decoding=\"async\" width=\"2560\" height=\"1707\" src=\"https:\/\/supersiteskills.com\/wp-content\/uploads\/2025\/09\/Asphaltierung-einer-Strasse-SuperSiteSkills-scaled.jpg\" class=\"img-fluid\" alt=\"Asphaltierung einer Stra\u00dfe\" srcset=\"https:\/\/supersiteskills.com\/wp-content\/uploads\/2025\/09\/Asphaltierung-einer-Strasse-SuperSiteSkills-scaled.jpg 2560w, https:\/\/supersiteskills.com\/wp-content\/uploads\/2025\/09\/Asphaltierung-einer-Strasse-SuperSiteSkills-300x200.jpg 300w, https:\/\/supersiteskills.com\/wp-content\/uploads\/2025\/09\/Asphaltierung-einer-Strasse-SuperSiteSkills-1024x683.jpg 1024w, https:\/\/supersiteskills.com\/wp-content\/uploads\/2025\/09\/Asphaltierung-einer-Strasse-SuperSiteSkills-768x512.jpg 768w, https:\/\/supersiteskills.com\/wp-content\/uploads\/2025\/09\/Asphaltierung-einer-Strasse-SuperSiteSkills-1536x1024.jpg 1536w, https:\/\/supersiteskills.com\/wp-content\/uploads\/2025\/09\/Asphaltierung-einer-Strasse-SuperSiteSkills-2048x1365.jpg 2048w, https:\/\/supersiteskills.com\/wp-content\/uploads\/2025\/09\/Asphaltierung-einer-Strasse-SuperSiteSkills-600x400.jpg 600w\" sizes=\"auto, (max-width: 2560px) 100vw, 2560px\" \/>\r\n                            <\/div>\r\n                            \r\n                        <\/div>\r\n                    <\/div>                            \r\n                <\/div>\r\n                                                  \r\n            <\/section><section id=\"\" class=\"text-block  wt-space-top text-block-id-69e179d7375a7 bg-color-gray\">                \r\n                    <div class=\"container\">                        \r\n                        <div class=\"row\">                                        \r\n                        <div class=\"col\">\r\n                            <h3 class=\"textBlock-headline left \">Frauen f\u00fcr den Tiefbau und der Bau\u00fcberwachung gewinnen<\/h3>\r\n                        <\/div>                                        \r\n                    <\/div>                        \r\n                        <div class=\"row text\">\r\n                        <div class=\"col\">\r\n                            <div class=\"textBlock-text text-block-html  text-black\">\r\n                                <p class=\"wp-block-wt-text-block\">Mais le vieux clich\u00e9 selon lequel un surveillant de chantier a toujours un pied en prison ne l&rsquo;a pas effray\u00e9e, pas plus que la surrepr\u00e9sentation des hommes dans le secteur de la construction. En tout cas, elle n&rsquo;a pas eu de mauvaises exp\u00e9riences en tant que femme. Vous d\u00e9couvrirez dans le nouvel \u00e9pisode d&rsquo;Asphalt Talk comment elle y est parvenue et ce qui, selon elle, doit encore \u00eatre chang\u00e9 pour attirer davantage de femmes dans le secteur des travaux publics.  <\/p>\n\r\n                            <\/div>\r\n                        <\/div>                                        \r\n                    <\/div>                                              \r\n                    <\/div>                                \r\n            <\/section>\n<div style=\"height:100px\" aria-hidden=\"true\" class=\"wp-block-spacer\"><\/div>\n","protected":false},"excerpt":{"rendered":"","protected":false},"author":1,"featured_media":0,"parent":0,"menu_order":0,"comment_status":"closed","ping_status":"closed","template":"","meta":{"footnotes":""},"class_list":["post-7459","page","type-page","status-publish","hentry"],"yoast_head":"<!-- This site is optimized with the Yoast SEO plugin v26.9 - https:\/\/yoast.com\/product\/yoast-seo-wordpress\/ -->\n<title>Supervision des travaux de g\u00e9nie civil I SuperSiteSkills<\/title>\n<meta name=\"description\" content=\"D\u00e9couvrez ce qui est important dans la supervision des travaux de g\u00e9nie civil dans les relations avec les riverains et les municipalit\u00e9s. Voir l&#039;interview maintenant !\" \/>\n<meta name=\"robots\" content=\"index, follow, max-snippet:-1, max-image-preview:large, max-video-preview:-1\" \/>\n<link rel=\"canonical\" href=\"https:\/\/supersiteskills.com\/fr\/comment-reussir-la-surveillance-des-travaux-de-genie-civil\/\" \/>\n<meta property=\"og:locale\" content=\"fr_FR\" \/>\n<meta property=\"og:type\" content=\"article\" \/>\n<meta property=\"og:title\" content=\"Supervision des travaux de g\u00e9nie civil I SuperSiteSkills\" \/>\n<meta property=\"og:description\" content=\"D\u00e9couvrez ce qui est important dans la supervision des travaux de g\u00e9nie civil dans les relations avec les riverains et les municipalit\u00e9s. Voir l&#039;interview maintenant !\" \/>\n<meta property=\"og:url\" content=\"https:\/\/supersiteskills.com\/fr\/comment-reussir-la-surveillance-des-travaux-de-genie-civil\/\" \/>\n<meta property=\"og:site_name\" content=\"SuperSiteSkills\" \/>\n<meta property=\"article:modified_time\" content=\"2026-01-19T12:53:17+00:00\" \/>\n<meta name=\"twitter:card\" content=\"summary_large_image\" \/>\n<meta name=\"twitter:label1\" content=\"Dur\u00e9e de lecture estim\u00e9e\" \/>\n\t<meta name=\"twitter:data1\" content=\"2 minutes\" \/>\n<script type=\"application\/ld+json\" class=\"yoast-schema-graph\">{\"@context\":\"https:\/\/schema.org\",\"@graph\":[{\"@type\":\"WebPage\",\"@id\":\"https:\/\/supersiteskills.com\/fr\/comment-reussir-la-surveillance-des-travaux-de-genie-civil\/\",\"url\":\"https:\/\/supersiteskills.com\/fr\/comment-reussir-la-surveillance-des-travaux-de-genie-civil\/\",\"name\":\"Supervision des travaux de g\u00e9nie civil I SuperSiteSkills\",\"isPartOf\":{\"@id\":\"https:\/\/supersiteskills.com\/#website\"},\"datePublished\":\"2025-09-15T09:54:52+00:00\",\"dateModified\":\"2026-01-19T12:53:17+00:00\",\"description\":\"D\u00e9couvrez ce qui est important dans la supervision des travaux de g\u00e9nie civil dans les relations avec les riverains et les municipalit\u00e9s. Voir l'interview maintenant !\",\"breadcrumb\":{\"@id\":\"https:\/\/supersiteskills.com\/fr\/comment-reussir-la-surveillance-des-travaux-de-genie-civil\/#breadcrumb\"},\"inLanguage\":\"fr-FR\",\"potentialAction\":[{\"@type\":\"ReadAction\",\"target\":[\"https:\/\/supersiteskills.com\/fr\/comment-reussir-la-surveillance-des-travaux-de-genie-civil\/\"]}]},{\"@type\":\"BreadcrumbList\",\"@id\":\"https:\/\/supersiteskills.com\/fr\/comment-reussir-la-surveillance-des-travaux-de-genie-civil\/#breadcrumb\",\"itemListElement\":[{\"@type\":\"ListItem\",\"position\":1,\"name\":\"Startseite\",\"item\":\"https:\/\/supersiteskills.com\/fr\/\"},{\"@type\":\"ListItem\",\"position\":2,\"name\":\"Comment r\u00e9ussir la surveillance des travaux de g\u00e9nie civil\"}]},{\"@type\":\"WebSite\",\"@id\":\"https:\/\/supersiteskills.com\/#website\",\"url\":\"https:\/\/supersiteskills.com\/\",\"name\":\"SuperSiteSkills\",\"description\":\"\",\"potentialAction\":[{\"@type\":\"SearchAction\",\"target\":{\"@type\":\"EntryPoint\",\"urlTemplate\":\"https:\/\/supersiteskills.com\/?s={search_term_string}\"},\"query-input\":{\"@type\":\"PropertyValueSpecification\",\"valueRequired\":true,\"valueName\":\"search_term_string\"}}],\"inLanguage\":\"fr-FR\"}]}<\/script>\n<!-- \/ Yoast SEO plugin. -->","yoast_head_json":{"title":"Supervision des travaux de g\u00e9nie civil I SuperSiteSkills","description":"D\u00e9couvrez ce qui est important dans la supervision des travaux de g\u00e9nie civil dans les relations avec les riverains et les municipalit\u00e9s. Voir l'interview maintenant !","robots":{"index":"index","follow":"follow","max-snippet":"max-snippet:-1","max-image-preview":"max-image-preview:large","max-video-preview":"max-video-preview:-1"},"canonical":"https:\/\/supersiteskills.com\/fr\/comment-reussir-la-surveillance-des-travaux-de-genie-civil\/","og_locale":"fr_FR","og_type":"article","og_title":"Supervision des travaux de g\u00e9nie civil I SuperSiteSkills","og_description":"D\u00e9couvrez ce qui est important dans la supervision des travaux de g\u00e9nie civil dans les relations avec les riverains et les municipalit\u00e9s. Voir l'interview maintenant !","og_url":"https:\/\/supersiteskills.com\/fr\/comment-reussir-la-surveillance-des-travaux-de-genie-civil\/","og_site_name":"SuperSiteSkills","article_modified_time":"2026-01-19T12:53:17+00:00","twitter_card":"summary_large_image","twitter_misc":{"Dur\u00e9e de lecture estim\u00e9e":"2 minutes"},"schema":{"@context":"https:\/\/schema.org","@graph":[{"@type":"WebPage","@id":"https:\/\/supersiteskills.com\/fr\/comment-reussir-la-surveillance-des-travaux-de-genie-civil\/","url":"https:\/\/supersiteskills.com\/fr\/comment-reussir-la-surveillance-des-travaux-de-genie-civil\/","name":"Supervision des travaux de g\u00e9nie civil I SuperSiteSkills","isPartOf":{"@id":"https:\/\/supersiteskills.com\/#website"},"datePublished":"2025-09-15T09:54:52+00:00","dateModified":"2026-01-19T12:53:17+00:00","description":"D\u00e9couvrez ce qui est important dans la supervision des travaux de g\u00e9nie civil dans les relations avec les riverains et les municipalit\u00e9s. Voir l'interview maintenant !","breadcrumb":{"@id":"https:\/\/supersiteskills.com\/fr\/comment-reussir-la-surveillance-des-travaux-de-genie-civil\/#breadcrumb"},"inLanguage":"fr-FR","potentialAction":[{"@type":"ReadAction","target":["https:\/\/supersiteskills.com\/fr\/comment-reussir-la-surveillance-des-travaux-de-genie-civil\/"]}]},{"@type":"BreadcrumbList","@id":"https:\/\/supersiteskills.com\/fr\/comment-reussir-la-surveillance-des-travaux-de-genie-civil\/#breadcrumb","itemListElement":[{"@type":"ListItem","position":1,"name":"Startseite","item":"https:\/\/supersiteskills.com\/fr\/"},{"@type":"ListItem","position":2,"name":"Comment r\u00e9ussir la surveillance des travaux de g\u00e9nie civil"}]},{"@type":"WebSite","@id":"https:\/\/supersiteskills.com\/#website","url":"https:\/\/supersiteskills.com\/","name":"SuperSiteSkills","description":"","potentialAction":[{"@type":"SearchAction","target":{"@type":"EntryPoint","urlTemplate":"https:\/\/supersiteskills.com\/?s={search_term_string}"},"query-input":{"@type":"PropertyValueSpecification","valueRequired":true,"valueName":"search_term_string"}}],"inLanguage":"fr-FR"}]}},"_links":{"self":[{"href":"https:\/\/supersiteskills.com\/fr\/wp-json\/wp\/v2\/pages\/7459","targetHints":{"allow":["GET"]}}],"collection":[{"href":"https:\/\/supersiteskills.com\/fr\/wp-json\/wp\/v2\/pages"}],"about":[{"href":"https:\/\/supersiteskills.com\/fr\/wp-json\/wp\/v2\/types\/page"}],"author":[{"embeddable":true,"href":"https:\/\/supersiteskills.com\/fr\/wp-json\/wp\/v2\/users\/1"}],"replies":[{"embeddable":true,"href":"https:\/\/supersiteskills.com\/fr\/wp-json\/wp\/v2\/comments?post=7459"}],"version-history":[{"count":1,"href":"https:\/\/supersiteskills.com\/fr\/wp-json\/wp\/v2\/pages\/7459\/revisions"}],"predecessor-version":[{"id":7461,"href":"https:\/\/supersiteskills.com\/fr\/wp-json\/wp\/v2\/pages\/7459\/revisions\/7461"}],"wp:attachment":[{"href":"https:\/\/supersiteskills.com\/fr\/wp-json\/wp\/v2\/media?parent=7459"}],"curies":[{"name":"wp","href":"https:\/\/api.w.org\/{rel}","templated":true}]}}