{"id":7831,"date":"2024-07-17T08:01:08","date_gmt":"2024-07-17T06:01:08","guid":{"rendered":"https:\/\/supersiteskills.com\/bulletin-dinformation\/"},"modified":"2026-01-19T14:39:32","modified_gmt":"2026-01-19T13:39:32","slug":"bulletin-dinformation","status":"publish","type":"page","link":"https:\/\/supersiteskills.com\/fr\/bulletin-dinformation\/","title":{"rendered":"Bulletin d&rsquo;information"},"content":{"rendered":"<section class=\"hero-section-block  bg-  hero-section-extra- \" style=\" \r\n            background-image: url(https:\/\/supersiteskills.com\/wp-content\/uploads\/2024\/07\/Home_Hero_BG1.png); \r\n            background-size: cover;  \r\n            background-repeat: no-repeat; \r\n            background-position: top;\r\n            overflow: hidden; \">    \r\n            <div class=\"container hero-section-container hero-section-2\">\r\n                    <div class=\"hero-section d-flex align-items-center\">\r\n                    <div class=\"hero-left-type-2\">\r\n                       <h1 class=\"hero-title text-white \">Newsletter abonnieren<\/h1>\r\n                        <p class=\"hero-description text-\">Bleiben Sie stets auf dem Laufenden und erfahren Sie als einer der Ersten von interessanten Angeboten und spannenden News.<\/p>\r\n                        \r\n                    <\/div>\r\n                <\/div>\r\n            <\/div>\r\n        <\/section>\n<div style=\"height:50px\" aria-hidden=\"true\" class=\"wp-block-spacer\"><\/div>\n<section class=\"contact-form-block contact-form-block-id-69e17fa361de8 mb-5\">\r\n                    <div class=\"container contact-form-block-container\">\r\n                        <div class=\"container-loading d-none\">\r\n                            <div class=\"spinner\"><\/div>\r\n                        <\/div>\r\n                        <div class=\"container newsletter-form-cover d-none\">\r\n                                <div class=\"d-flex flex-column justify-content-center align-items-center\">\r\n                                    <img decoding=\"async\" class=\"newsletter-form-img\" src=\"\/wp-content\/themes\/supersiteskills\/assets\/img\/SSS_Logo_dark_BG_Zentriert.svg\" \/>\r\n                                    <div class=\"newsletter-form-box-message p-4 mt-4 mb-3\">\r\n                                        <span id=\"success-message-cover\"><\/span>\r\n                                    <\/div>\r\n                                    <div class=\"newsletter-form-cover-description\">\r\n                                        <span class=\"mt-2\">Impression<\/span>\r\n                                        <p>Pave+ GmbH, Dekan- Stockmayer- Stra\u00dfe 1, 72202, Nagold, Deutschland, Newsletter@supersiteskills.com, Fon: +49 (0)7452 6310600, vertreten durch Robin Stroh\u00e4ker<\/p>\r\n                                    <\/div>\r\n                                    <div class=\"newsletter-social-wrapper mt-3\">\r\n                                        <div>\r\n                                            <a href=\"https:\/\/www.facebook.com\/profile.php?id=61563512151472\" target=\"_blank\" rel=\"noopener\">\r\n                                                <i class=\"bi bi-facebook\"><\/i>\r\n                                            <\/a>\r\n                                        <\/div>\r\n            \r\n                                        <div>\r\n                                            <a href=\"https:\/\/www.instagram.com\/supersite_skills\/\" target=\"_blank\" rel=\"noopener\">\r\n                                                <i class=\"bi bi-instagram\"><\/i>\r\n                                            <\/a>\r\n                                        <\/div>\r\n            \r\n                                        <div>\r\n                                            <a href=\"https:\/\/www.youtube.com\/@SuperSiteSkills\" target=\"_blank\" rel=\"noopener\">\r\n                                                <i class=\"bi bi-youtube\"><\/i>\r\n                                            <\/a>\r\n                                        <\/div>\r\n            \r\n                                        <div>\r\n                                            <a href=\"https:\/\/www.linkedin.com\/company\/supersiteskills\/\" target=\"_blank\" rel=\"noopener\">\r\n                                                <i class=\"bi bi-linkedin\"><\/i>\r\n                                            <\/a>\r\n                                        <\/div>\r\n                                    <\/div>\r\n                                <\/div>\r\n                             <\/div>\r\n                        <div class=\"contact-form-header\" style=\"text-align:left;\">\r\n                            <h2><\/h2>                        \r\n                        <\/div>\r\n                        <p>\n<p class=\"wp-block-wt-newsletter-subscribe-block\">Apr\u00e8s avoir saisi vos donn\u00e9es et cliqu\u00e9 sur \u00ab\u00a0s&rsquo;abonner\u00a0\u00bb, vous recevrez un e-mail de notre part dans lequel vous pourrez confirmer une nouvelle fois votre inscription \u00e0 la newsletter. Ce n&rsquo;est qu&rsquo;apr\u00e8s votre confirmation que votre adresse e-mail sera ajout\u00e9e \u00e0 la liste de diffusion. Vous pouvez vous d\u00e9sabonner de la newsletter \u00e0 tout moment. Pour ce faire, vous pouvez utiliser notre <a href=\"https:\/\/supersiteskills.com\/fr\/se-desabonner-de-la-newsletter\/\">formulaire de d\u00e9sinscription <\/a>. Il vous suffit \u00e9galement de cliquer sur le lien de d\u00e9sinscription figurant dans chaque e-mail de la newsletter.    <br><br>Veuillez consulter notre <a href=\"https:\/\/supersiteskills.com\/datenschutz\/\">politique de confidentialit\u00e9<\/a><\/p>\n<\/p>\r\n                        <p class=\"mt-3 contact-form-required-message\">The fields marked with an \u00ab\u00a0*\u00a0\u00bb are required.<\/p>\r\n                        <form class=\"contact-form-container\" id=\"contact-newsletter-form\" novalidate><div class=\"d-lg-flex gap-custom-3 \"><div class=\"col input-wrapper mb-3\"><p>First name*<\/p><input type=\"text\" id=\"cf_first_name\" name=\"cf_first_name\" class=\"form-control\" required><div class=\"invalid-feedback\">Message d&rsquo;erreur<\/div><\/div><div class=\"col input-wrapper mb-3\"><p>Last name*<\/p><input type=\"text\" id=\"cf_last_name\" name=\"cf_last_name\" class=\"form-control\" required><div class=\"invalid-feedback\">Message d&rsquo;erreur<\/div><\/div><\/div><div class=\"d-lg-flex gap-custom-3 \"><div class=\"col input-wrapper mb-3\"><p>Company*<\/p><input type=\"text\" id=\"cf_company\" name=\"cf_company\" class=\"form-control\" required><div class=\"invalid-feedback\">Message d&rsquo;erreur<\/div><\/div><\/div><div class=\"d-lg-flex gap-custom-3 \"><div class=\"col input-wrapper mb-3\"><p>E-mail address*<\/p><input type=\"email\" id=\"cf_mail\" name=\"cf_mail\" class=\"form-control\" required><div class=\"invalid-feedback\">Message d&rsquo;erreur<\/div><\/div><\/div><div id=\"success-message\" style=\"display: none;\"><\/div><div id=\"error-message\" style=\"display: none;\"><\/div><button id=\"button-style\" type=\"submit\" class=\"mt-3 wt-btn-full wt-btn-full-light-blue\">ABONNIEREN<\/button><\/form><\/div><\/section>\n<div style=\"height:20px\" aria-hidden=\"true\" class=\"wp-block-spacer\"><\/div>\n","protected":false},"excerpt":{"rendered":"","protected":false},"author":1,"featured_media":0,"parent":0,"menu_order":0,"comment_status":"closed","ping_status":"closed","template":"","meta":{"footnotes":""},"class_list":["post-7831","page","type-page","status-publish","hentry"],"yoast_head":"<!-- This site is optimized with the Yoast SEO plugin v26.9 - https:\/\/yoast.com\/product\/yoast-seo-wordpress\/ -->\n<title>Bulletin d&#039;information - SuperSiteSkills<\/title>\n<meta name=\"description\" content=\"Abonnez-vous d\u00e8s maintenant \u00e0 la lettre d&#039;information SuperSiteSkills et ne manquez aucune actualit\u00e9 ni aucun d\u00e9veloppement dans le secteur de l&#039;asphalte.\" \/>\n<meta name=\"robots\" content=\"index, follow, max-snippet:-1, max-image-preview:large, max-video-preview:-1\" \/>\n<link rel=\"canonical\" href=\"https:\/\/supersiteskills.com\/fr\/bulletin-dinformation\/\" \/>\n<meta property=\"og:locale\" content=\"fr_FR\" \/>\n<meta property=\"og:type\" content=\"article\" \/>\n<meta property=\"og:title\" content=\"Bulletin d&#039;information - SuperSiteSkills\" \/>\n<meta property=\"og:description\" content=\"Abonnez-vous d\u00e8s maintenant \u00e0 la lettre d&#039;information SuperSiteSkills et ne manquez aucune actualit\u00e9 ni aucun d\u00e9veloppement dans le secteur de l&#039;asphalte.\" \/>\n<meta property=\"og:url\" content=\"https:\/\/supersiteskills.com\/fr\/bulletin-dinformation\/\" \/>\n<meta property=\"og:site_name\" content=\"SuperSiteSkills\" \/>\n<meta property=\"article:modified_time\" content=\"2026-01-19T13:39:32+00:00\" \/>\n<meta name=\"twitter:card\" content=\"summary_large_image\" \/>\n<script type=\"application\/ld+json\" class=\"yoast-schema-graph\">{\"@context\":\"https:\/\/schema.org\",\"@graph\":[{\"@type\":\"WebPage\",\"@id\":\"https:\/\/supersiteskills.com\/fr\/bulletin-dinformation\/\",\"url\":\"https:\/\/supersiteskills.com\/fr\/bulletin-dinformation\/\",\"name\":\"Bulletin d'information - SuperSiteSkills\",\"isPartOf\":{\"@id\":\"https:\/\/supersiteskills.com\/#website\"},\"datePublished\":\"2024-07-17T06:01:08+00:00\",\"dateModified\":\"2026-01-19T13:39:32+00:00\",\"description\":\"Abonnez-vous d\u00e8s maintenant \u00e0 la lettre d'information SuperSiteSkills et ne manquez aucune actualit\u00e9 ni aucun d\u00e9veloppement dans le secteur de l'asphalte.\",\"breadcrumb\":{\"@id\":\"https:\/\/supersiteskills.com\/fr\/bulletin-dinformation\/#breadcrumb\"},\"inLanguage\":\"fr-FR\",\"potentialAction\":[{\"@type\":\"ReadAction\",\"target\":[\"https:\/\/supersiteskills.com\/fr\/bulletin-dinformation\/\"]}]},{\"@type\":\"BreadcrumbList\",\"@id\":\"https:\/\/supersiteskills.com\/fr\/bulletin-dinformation\/#breadcrumb\",\"itemListElement\":[{\"@type\":\"ListItem\",\"position\":1,\"name\":\"Startseite\",\"item\":\"https:\/\/supersiteskills.com\/fr\/\"},{\"@type\":\"ListItem\",\"position\":2,\"name\":\"Bulletin d&#8217;information\"}]},{\"@type\":\"WebSite\",\"@id\":\"https:\/\/supersiteskills.com\/#website\",\"url\":\"https:\/\/supersiteskills.com\/\",\"name\":\"SuperSiteSkills\",\"description\":\"\",\"potentialAction\":[{\"@type\":\"SearchAction\",\"target\":{\"@type\":\"EntryPoint\",\"urlTemplate\":\"https:\/\/supersiteskills.com\/?s={search_term_string}\"},\"query-input\":{\"@type\":\"PropertyValueSpecification\",\"valueRequired\":true,\"valueName\":\"search_term_string\"}}],\"inLanguage\":\"fr-FR\"}]}<\/script>\n<!-- \/ Yoast SEO plugin. -->","yoast_head_json":{"title":"Bulletin d'information - SuperSiteSkills","description":"Abonnez-vous d\u00e8s maintenant \u00e0 la lettre d'information SuperSiteSkills et ne manquez aucune actualit\u00e9 ni aucun d\u00e9veloppement dans le secteur de l'asphalte.","robots":{"index":"index","follow":"follow","max-snippet":"max-snippet:-1","max-image-preview":"max-image-preview:large","max-video-preview":"max-video-preview:-1"},"canonical":"https:\/\/supersiteskills.com\/fr\/bulletin-dinformation\/","og_locale":"fr_FR","og_type":"article","og_title":"Bulletin d'information - SuperSiteSkills","og_description":"Abonnez-vous d\u00e8s maintenant \u00e0 la lettre d'information SuperSiteSkills et ne manquez aucune actualit\u00e9 ni aucun d\u00e9veloppement dans le secteur de l'asphalte.","og_url":"https:\/\/supersiteskills.com\/fr\/bulletin-dinformation\/","og_site_name":"SuperSiteSkills","article_modified_time":"2026-01-19T13:39:32+00:00","twitter_card":"summary_large_image","schema":{"@context":"https:\/\/schema.org","@graph":[{"@type":"WebPage","@id":"https:\/\/supersiteskills.com\/fr\/bulletin-dinformation\/","url":"https:\/\/supersiteskills.com\/fr\/bulletin-dinformation\/","name":"Bulletin d'information - SuperSiteSkills","isPartOf":{"@id":"https:\/\/supersiteskills.com\/#website"},"datePublished":"2024-07-17T06:01:08+00:00","dateModified":"2026-01-19T13:39:32+00:00","description":"Abonnez-vous d\u00e8s maintenant \u00e0 la lettre d'information SuperSiteSkills et ne manquez aucune actualit\u00e9 ni aucun d\u00e9veloppement dans le secteur de l'asphalte.","breadcrumb":{"@id":"https:\/\/supersiteskills.com\/fr\/bulletin-dinformation\/#breadcrumb"},"inLanguage":"fr-FR","potentialAction":[{"@type":"ReadAction","target":["https:\/\/supersiteskills.com\/fr\/bulletin-dinformation\/"]}]},{"@type":"BreadcrumbList","@id":"https:\/\/supersiteskills.com\/fr\/bulletin-dinformation\/#breadcrumb","itemListElement":[{"@type":"ListItem","position":1,"name":"Startseite","item":"https:\/\/supersiteskills.com\/fr\/"},{"@type":"ListItem","position":2,"name":"Bulletin d&#8217;information"}]},{"@type":"WebSite","@id":"https:\/\/supersiteskills.com\/#website","url":"https:\/\/supersiteskills.com\/","name":"SuperSiteSkills","description":"","potentialAction":[{"@type":"SearchAction","target":{"@type":"EntryPoint","urlTemplate":"https:\/\/supersiteskills.com\/?s={search_term_string}"},"query-input":{"@type":"PropertyValueSpecification","valueRequired":true,"valueName":"search_term_string"}}],"inLanguage":"fr-FR"}]}},"_links":{"self":[{"href":"https:\/\/supersiteskills.com\/fr\/wp-json\/wp\/v2\/pages\/7831","targetHints":{"allow":["GET"]}}],"collection":[{"href":"https:\/\/supersiteskills.com\/fr\/wp-json\/wp\/v2\/pages"}],"about":[{"href":"https:\/\/supersiteskills.com\/fr\/wp-json\/wp\/v2\/types\/page"}],"author":[{"embeddable":true,"href":"https:\/\/supersiteskills.com\/fr\/wp-json\/wp\/v2\/users\/1"}],"replies":[{"embeddable":true,"href":"https:\/\/supersiteskills.com\/fr\/wp-json\/wp\/v2\/comments?post=7831"}],"version-history":[{"count":1,"href":"https:\/\/supersiteskills.com\/fr\/wp-json\/wp\/v2\/pages\/7831\/revisions"}],"predecessor-version":[{"id":7832,"href":"https:\/\/supersiteskills.com\/fr\/wp-json\/wp\/v2\/pages\/7831\/revisions\/7832"}],"wp:attachment":[{"href":"https:\/\/supersiteskills.com\/fr\/wp-json\/wp\/v2\/media?parent=7831"}],"curies":[{"name":"wp","href":"https:\/\/api.w.org\/{rel}","templated":true}]}}